{"id":2706,"date":"2015-03-06T16:10:41","date_gmt":"2015-03-06T15:10:41","guid":{"rendered":"https:\/\/www.illc.uva.nl\/lgc\/seminar\/?page_id=2706"},"modified":"2024-04-10T10:15:53","modified_gmt":"2024-04-10T08:15:53","slug":"upcoming-events","status":"publish","type":"page","link":"https:\/\/projects.illc.uva.nl\/lgc\/seminar\/","title":{"rendered":"Upcoming Events"},"content":{"rendered":"<hr \/><p>The next event is on Thursday, April&nbsp;9th:<\/p><h2 class='entry-title'><a href='https:\/\/projects.illc.uva.nl\/lgc\/seminar\/2026\/01\/lira-session-malvin-gattinger-2\/'>LIRa session: Malvin Gattinger<\/a><\/h2>\n<br \/>\n<p>Speaker: <a href=\"https:\/\/malv.in\/\">Malvin Gattinger<\/a> (ILLC, University of Amsterdam)<\/p>\n<p>Date and Time: Thursday, April&nbsp;9th 2026, 15:30-17:00<br \/>\n(Please note the earlier-than-usual time.)<\/p>\n<p>Venue: ILLC Seminar Room F1.15, Science Park 107 <strong>and<\/strong>\u00a0<a href=\"https:\/\/projects.illc.uva.nl\/lgc\/seminar\/guidelines-for-online-sessions\/\">online<\/a>.<\/p>\n<p>Title: <strong>Do you know if the road is still there? Sabotage Modal Logic with Knowledge.<\/strong><\/p>\n<p><em>Abstract. <\/em>Sabotage Modal Logic (SML), originally proposed by Johan van Benthem, is concerned with a two-player game between traveller and demon played on a graph: traveller wants to get from A to B, but demon may delete edges between nodes. Formally, the traveller is modelled by a standard diamond modality whereas the demon is a dynamic modality that deletes edges. Different versions of the resulting logic have been studied in the literature.<\/p>\n<p>In this talk I will describe ongoing work where we add a third modality: the knowledge of the traveller. The resulting language we call SML+K and it can express sentences such as &#8220;After any two deletions the traveller still knows that there is a three-step path to the goal&#8221;. Or &#8220;There is a deletion after which there still is a three-step path to the goal but the traveller will no longer know that there is such a path.&#8221;<\/p>\n<p>We developed two semantics for SML+K, one where the knowledge is encoded by an equivalence relation between histories and one where the traveller only stores a set of graphs currently considered possible. At first sight only one of these semantics seems to have perfect-recall, but we actually aim to show that they are equivalent.<\/p>\n<p>For both semantics I will also present a Lean formalization that can also be used as a model checker.<\/p>\n<p>This is joint work with Sujata Ghosh and Saptarshi Sahoo (both Chennai).<\/p>\n<hr \/><p>More upcoming events:<\/p>\n<ul><li>Thursday, April&nbsp;16th, 16:30 - <a href='https:\/\/projects.illc.uva.nl\/lgc\/seminar\/2026\/02\/lira-session-igor-sedlar-2\/'>LIRa session: Igor Sedl\u00e1r<\/a><\/li><li>Friday, April&nbsp;24th, 16:00 - <a href='https:\/\/projects.illc.uva.nl\/lgc\/seminar\/2026\/02\/joint-dip-lira-session-fabrizio-cariani\/'>Joint DIP-LIRa session: Fabrizio Cariani<\/a><\/li><li>Friday, May&nbsp;8th, 16:00 - <a href='https:\/\/projects.illc.uva.nl\/lgc\/seminar\/2026\/02\/joint-dip-lira-session-paolo-santorio\/'>Joint DIP-LIRa session: Paolo Santorio<\/a><\/li><li>Friday, May&nbsp;22nd, 16:00 - <a href='https:\/\/projects.illc.uva.nl\/lgc\/seminar\/2026\/02\/joint-dip-lira-session-adam-bjorndahl\/'>Joint DIP-LIRa session: Adam Bjorndahl<\/a><\/li><li>Thursday, May&nbsp;28th, 16:30 - <a href='https:\/\/projects.illc.uva.nl\/lgc\/seminar\/2026\/01\/lira-session-aybuke-ozgun-2\/'>LIRa session: Ayb\u00fcke \u00d6zg\u00fcn<\/a><\/li><\/ul>\n<hr \/>\n","protected":false},"excerpt":{"rendered":"<p>[ April 9, 2026; 15:30 to 17:00. ] Speaker: Malvin Gattinger (ILLC, University of Amsterdam)<\/p>\n<p>Date and Time: [lira-this]<br \/>\n(Please note the earlier-than-usual time.)<\/p>\n<p>Venue: ILLC Seminar Room F1.15, Science Park 107 and\u00a0online.<\/p>\n<p>Title: Do you know if the road is still there? Sabotage Modal Logic with Knowledge.<\/p>\n<p>Abstract. Sabotage Modal Logic (SML), originally proposed by Johan van Benthem, is concerned with a two-player game between traveller and [&#8230;]<\/p>\n","protected":false},"author":11,"featured_media":0,"parent":0,"menu_order":0,"comment_status":"closed","ping_status":"open","template":"","meta":{"footnotes":""},"class_list":["post-2706","page","type-page","status-publish","hentry"],"_links":{"self":[{"href":"https:\/\/projects.illc.uva.nl\/lgc\/seminar\/wp-json\/wp\/v2\/pages\/2706","targetHints":{"allow":["GET"]}}],"collection":[{"href":"https:\/\/projects.illc.uva.nl\/lgc\/seminar\/wp-json\/wp\/v2\/pages"}],"about":[{"href":"https:\/\/projects.illc.uva.nl\/lgc\/seminar\/wp-json\/wp\/v2\/types\/page"}],"author":[{"embeddable":true,"href":"https:\/\/projects.illc.uva.nl\/lgc\/seminar\/wp-json\/wp\/v2\/users\/11"}],"replies":[{"embeddable":true,"href":"https:\/\/projects.illc.uva.nl\/lgc\/seminar\/wp-json\/wp\/v2\/comments?post=2706"}],"version-history":[{"count":17,"href":"https:\/\/projects.illc.uva.nl\/lgc\/seminar\/wp-json\/wp\/v2\/pages\/2706\/revisions"}],"predecessor-version":[{"id":5164,"href":"https:\/\/projects.illc.uva.nl\/lgc\/seminar\/wp-json\/wp\/v2\/pages\/2706\/revisions\/5164"}],"wp:attachment":[{"href":"https:\/\/projects.illc.uva.nl\/lgc\/seminar\/wp-json\/wp\/v2\/media?parent=2706"}],"curies":[{"name":"wp","href":"https:\/\/api.w.org\/{rel}","templated":true}]}}